{"id":934,"date":"2026-01-14T17:51:13","date_gmt":"2026-01-14T16:51:13","guid":{"rendered":"https:\/\/alapetitereine.com\/?post_type=product&#038;p=934"},"modified":"2026-02-23T19:24:51","modified_gmt":"2026-02-23T18:24:51","slug":"vae-moustache-xroad-fs3","status":"publish","type":"product","link":"https:\/\/alapetitereine.com\/en\/product\/vae-moustache-xroad-fs3\/","title":{"rendered":"VAE Moustache Xroad FS3"},"content":{"rendered":"<p>Ce matin, je vais travailler \u00e0 v\u00e9lo. Ce midi, je le prends pour faire quelques courses. Ce soir, je rentre \u00e0 la maison en passant par la for\u00eat, et ce weekend, c\u2019est rando en montagne ! Oui oui, tout \u00e7a avec mon Samedi 27 Xroad ! Magique !!!!<br \/>\nGr\u00e2ce \u00e0 son cadre dynamique et \u00e0 ses \u00e9quipements, il combine les aptitudes d\u2019un v\u00e9lo urbain et d\u2019un VTT. <\/p>","protected":false},"excerpt":{"rendered":"<p>Ce matin, je vais travailler \u00e0 v\u00e9lo. Ce midi, je le prends pour faire quelques courses. Ce soir, je rentre [&hellip;]<\/p>\n","protected":false},"featured_media":935,"template":"","meta":{"site-sidebar-layout":"default","site-content-layout":"","ast-site-content-layout":"default","site-content-style":"default","site-sidebar-style":"default","ast-global-header-display":"","ast-banner-title-visibility":"","ast-main-header-display":"","ast-hfb-above-header-display":"","ast-hfb-below-header-display":"","ast-hfb-mobile-header-display":"","site-post-title":"","ast-breadcrumbs-content":"","ast-featured-img":"","footer-sml-layout":"","ast-disable-related-posts":"","theme-transparent-header-meta":"default","adv-header-id-meta":"","stick-header-meta":"","header-above-stick-meta":"","header-main-stick-meta":"","header-below-stick-meta":"","astra-migrate-meta-layouts":"set","ast-page-background-enabled":"default","ast-page-background-meta":{"desktop":{"background-color":"var(--ast-global-color-5)","background-image":"","background-repeat":"repeat","background-position":"center center","background-size":"auto","background-attachment":"scroll","background-type":"","background-media":"","overlay-type":"","overlay-color":"","overlay-opacity":"","overlay-gradient":""},"tablet":{"background-color":"","background-image":"","background-repeat":"repeat","background-position":"center center","background-size":"auto","background-attachment":"scroll","background-type":"","background-media":"","overlay-type":"","overlay-color":"","overlay-opacity":"","overlay-gradient":""},"mobile":{"background-color":"","background-image":"","background-repeat":"repeat","background-position":"center center","background-size":"auto","background-attachment":"scroll","background-type":"","background-media":"","overlay-type":"","overlay-color":"","overlay-opacity":"","overlay-gradient":""}},"ast-content-background-meta":{"desktop":{"background-color":"var(--ast-global-color-4)","background-image":"","background-repeat":"repeat","background-position":"center center","background-size":"auto","background-attachment":"scroll","background-type":"","background-media":"","overlay-type":"","overlay-color":"","overlay-opacity":"","overlay-gradient":""},"tablet":{"background-color":"var(--ast-global-color-4)","background-image":"","background-repeat":"repeat","background-position":"center center","background-size":"auto","background-attachment":"scroll","background-type":"","background-media":"","overlay-type":"","overlay-color":"","overlay-opacity":"","overlay-gradient":""},"mobile":{"background-color":"var(--ast-global-color-4)","background-image":"","background-repeat":"repeat","background-position":"center center","background-size":"auto","background-attachment":"scroll","background-type":"","background-media":"","overlay-type":"","overlay-color":"","overlay-opacity":"","overlay-gradient":""}}},"product_brand":[74],"product_cat":[73,50],"product_tag":[43],"class_list":{"0":"post-934","1":"product","2":"type-product","3":"status-publish","4":"has-post-thumbnail","6":"product_brand-moustache","7":"product_cat-vae","8":"product_cat-velos","9":"product_tag-vae","10":"desktop-align-left","11":"tablet-align-left","12":"mobile-align-left","14":"first","15":"instock","16":"shipping-taxable","17":"purchasable","18":"product-type-simple"},"_links":{"self":[{"href":"https:\/\/alapetitereine.com\/en\/wp-json\/wp\/v2\/product\/934","targetHints":{"allow":["GET"]}}],"collection":[{"href":"https:\/\/alapetitereine.com\/en\/wp-json\/wp\/v2\/product"}],"about":[{"href":"https:\/\/alapetitereine.com\/en\/wp-json\/wp\/v2\/types\/product"}],"version-history":[{"count":3,"href":"https:\/\/alapetitereine.com\/en\/wp-json\/wp\/v2\/product\/934\/revisions"}],"predecessor-version":[{"id":1134,"href":"https:\/\/alapetitereine.com\/en\/wp-json\/wp\/v2\/product\/934\/revisions\/1134"}],"wp:featuredmedia":[{"embeddable":true,"href":"https:\/\/alapetitereine.com\/en\/wp-json\/wp\/v2\/media\/935"}],"wp:attachment":[{"href":"https:\/\/alapetitereine.com\/en\/wp-json\/wp\/v2\/media?parent=934"}],"wp:term":[{"taxonomy":"product_brand","embeddable":true,"href":"https:\/\/alapetitereine.com\/en\/wp-json\/wp\/v2\/product_brand?post=934"},{"taxonomy":"product_cat","embeddable":true,"href":"https:\/\/alapetitereine.com\/en\/wp-json\/wp\/v2\/product_cat?post=934"},{"taxonomy":"product_tag","embeddable":true,"href":"https:\/\/alapetitereine.com\/en\/wp-json\/wp\/v2\/product_tag?post=934"}],"curies":[{"name":"wp","href":"https:\/\/api.w.org\/{rel}","templated":true}]}}