{"id":618,"date":"2026-01-13T16:48:44","date_gmt":"2026-01-13T15:48:44","guid":{"rendered":"https:\/\/alapetitereine.com\/?post_type=product&#038;p=618"},"modified":"2026-01-13T17:48:47","modified_gmt":"2026-01-13T16:48:47","slug":"chaussure-scott-comp-lace","status":"publish","type":"product","link":"https:\/\/alapetitereine.com\/en\/product\/chaussure-scott-comp-lace\/","title":{"rendered":"Chaussure Scott Comp lace"},"content":{"rendered":"<p>La chaussure VTT SCOTT Comp Lace prouve que confort et performances \u00e9lev\u00e9s sont compatibles avec un prix attractif. Elle est donc tout indiqu\u00e9e pour les passionn\u00e9s de VTT qui veulent ma\u00eetriser leurs d\u00e9penses. Le motif de tige \u00e0 ajustement \u00e9volutif comporte un syst\u00e8me de fermeture \u00e0 lacet qui s&rsquo;articule afin de s&rsquo;adapter au plus pr\u00e8s \u00e0 la forme du pied du v\u00e9t\u00e9tiste. La semelle composite moul\u00e9e par injection d&rsquo;indice de rigidit\u00e9 de 6,\u00a0poss\u00e8de une\u00a0plage d&rsquo;ajustement accrue. La surface en caoutchouc Sticki assure une excellente traction sur les surfaces meubles, les racines et les roches.<\/p>","protected":false},"excerpt":{"rendered":"<p>La chaussure VTT SCOTT Comp Lace prouve que confort et performances \u00e9lev\u00e9s sont compatibles avec un prix attractif. Elle est [&hellip;]<\/p>\n","protected":false},"featured_media":619,"template":"","meta":{"site-sidebar-layout":"default","site-content-layout":"","ast-site-content-layout":"default","site-content-style":"default","site-sidebar-style":"default","ast-global-header-display":"","ast-banner-title-visibility":"","ast-main-header-display":"","ast-hfb-above-header-display":"","ast-hfb-below-header-display":"","ast-hfb-mobile-header-display":"","site-post-title":"","ast-breadcrumbs-content":"","ast-featured-img":"","footer-sml-layout":"","ast-disable-related-posts":"","theme-transparent-header-meta":"default","adv-header-id-meta":"","stick-header-meta":"","header-above-stick-meta":"","header-main-stick-meta":"","header-below-stick-meta":"","astra-migrate-meta-layouts":"set","ast-page-background-enabled":"default","ast-page-background-meta":{"desktop":{"background-color":"var(--ast-global-color-5)","background-image":"","background-repeat":"repeat","background-position":"center center","background-size":"auto","background-attachment":"scroll","background-type":"","background-media":"","overlay-type":"","overlay-color":"","overlay-opacity":"","overlay-gradient":""},"tablet":{"background-color":"","background-image":"","background-repeat":"repeat","background-position":"center center","background-size":"auto","background-attachment":"scroll","background-type":"","background-media":"","overlay-type":"","overlay-color":"","overlay-opacity":"","overlay-gradient":""},"mobile":{"background-color":"","background-image":"","background-repeat":"repeat","background-position":"center center","background-size":"auto","background-attachment":"scroll","background-type":"","background-media":"","overlay-type":"","overlay-color":"","overlay-opacity":"","overlay-gradient":""}},"ast-content-background-meta":{"desktop":{"background-color":"var(--ast-global-color-4)","background-image":"","background-repeat":"repeat","background-position":"center center","background-size":"auto","background-attachment":"scroll","background-type":"","background-media":"","overlay-type":"","overlay-color":"","overlay-opacity":"","overlay-gradient":""},"tablet":{"background-color":"var(--ast-global-color-4)","background-image":"","background-repeat":"repeat","background-position":"center center","background-size":"auto","background-attachment":"scroll","background-type":"","background-media":"","overlay-type":"","overlay-color":"","overlay-opacity":"","overlay-gradient":""},"mobile":{"background-color":"var(--ast-global-color-4)","background-image":"","background-repeat":"repeat","background-position":"center center","background-size":"auto","background-attachment":"scroll","background-type":"","background-media":"","overlay-type":"","overlay-color":"","overlay-opacity":"","overlay-gradient":""}}},"product_brand":[],"product_cat":[51,70],"product_tag":[56],"class_list":{"0":"post-618","1":"product","2":"type-product","3":"status-publish","4":"has-post-thumbnail","6":"product_cat-accessoires","7":"product_cat-chaussure","8":"product_tag-chaussure","9":"desktop-align-left","10":"tablet-align-left","11":"mobile-align-left","13":"first","14":"instock","15":"shipping-taxable","16":"purchasable","17":"product-type-simple"},"_links":{"self":[{"href":"https:\/\/alapetitereine.com\/en\/wp-json\/wp\/v2\/product\/618","targetHints":{"allow":["GET"]}}],"collection":[{"href":"https:\/\/alapetitereine.com\/en\/wp-json\/wp\/v2\/product"}],"about":[{"href":"https:\/\/alapetitereine.com\/en\/wp-json\/wp\/v2\/types\/product"}],"version-history":[{"count":1,"href":"https:\/\/alapetitereine.com\/en\/wp-json\/wp\/v2\/product\/618\/revisions"}],"predecessor-version":[{"id":620,"href":"https:\/\/alapetitereine.com\/en\/wp-json\/wp\/v2\/product\/618\/revisions\/620"}],"wp:featuredmedia":[{"embeddable":true,"href":"https:\/\/alapetitereine.com\/en\/wp-json\/wp\/v2\/media\/619"}],"wp:attachment":[{"href":"https:\/\/alapetitereine.com\/en\/wp-json\/wp\/v2\/media?parent=618"}],"wp:term":[{"taxonomy":"product_brand","embeddable":true,"href":"https:\/\/alapetitereine.com\/en\/wp-json\/wp\/v2\/product_brand?post=618"},{"taxonomy":"product_cat","embeddable":true,"href":"https:\/\/alapetitereine.com\/en\/wp-json\/wp\/v2\/product_cat?post=618"},{"taxonomy":"product_tag","embeddable":true,"href":"https:\/\/alapetitereine.com\/en\/wp-json\/wp\/v2\/product_tag?post=618"}],"curies":[{"name":"wp","href":"https:\/\/api.w.org\/{rel}","templated":true}]}}