{"id":609,"date":"2026-01-13T16:44:49","date_gmt":"2026-01-13T15:44:49","guid":{"rendered":"https:\/\/alapetitereine.com\/?post_type=product&#038;p=609"},"modified":"2026-01-13T17:54:30","modified_gmt":"2026-01-13T16:54:30","slug":"bonnet-sous-casque-gore","status":"publish","type":"product","link":"https:\/\/alapetitereine.com\/en\/product\/bonnet-sous-casque-gore\/","title":{"rendered":"Bonnet sous casque Gore"},"content":{"rendered":"<p>Ce sous casque\u00a0GORE\u00ae WINDSTOPPER\u00ae est extr\u00eamement flexible et l\u00e9g\u00e8r,\u00a0pour garder la t\u00eate et les oreilles bien au chaud lorsqu\u2019il fait froid. Elle \u00e9vacue parfaitement l\u2019humidit\u00e9 pour que vous restiez au sec quelle que soit votre puissance de p\u00e9dalage.<\/p>","protected":false},"excerpt":{"rendered":"<p>Ce sous casque\u00a0GORE\u00ae WINDSTOPPER\u00ae est extr\u00eamement flexible et l\u00e9g\u00e8r,\u00a0pour garder la t\u00eate et les oreilles bien au chaud lorsqu\u2019il fait [&hellip;]<\/p>\n","protected":false},"featured_media":610,"template":"","meta":{"site-sidebar-layout":"default","site-content-layout":"","ast-site-content-layout":"default","site-content-style":"default","site-sidebar-style":"default","ast-global-header-display":"","ast-banner-title-visibility":"","ast-main-header-display":"","ast-hfb-above-header-display":"","ast-hfb-below-header-display":"","ast-hfb-mobile-header-display":"","site-post-title":"","ast-breadcrumbs-content":"","ast-featured-img":"","footer-sml-layout":"","ast-disable-related-posts":"","theme-transparent-header-meta":"default","adv-header-id-meta":"","stick-header-meta":"","header-above-stick-meta":"","header-main-stick-meta":"","header-below-stick-meta":"","astra-migrate-meta-layouts":"set","ast-page-background-enabled":"default","ast-page-background-meta":{"desktop":{"background-color":"var(--ast-global-color-5)","background-image":"","background-repeat":"repeat","background-position":"center center","background-size":"auto","background-attachment":"scroll","background-type":"","background-media":"","overlay-type":"","overlay-color":"","overlay-opacity":"","overlay-gradient":""},"tablet":{"background-color":"","background-image":"","background-repeat":"repeat","background-position":"center center","background-size":"auto","background-attachment":"scroll","background-type":"","background-media":"","overlay-type":"","overlay-color":"","overlay-opacity":"","overlay-gradient":""},"mobile":{"background-color":"","background-image":"","background-repeat":"repeat","background-position":"center center","background-size":"auto","background-attachment":"scroll","background-type":"","background-media":"","overlay-type":"","overlay-color":"","overlay-opacity":"","overlay-gradient":""}},"ast-content-background-meta":{"desktop":{"background-color":"var(--ast-global-color-4)","background-image":"","background-repeat":"repeat","background-position":"center center","background-size":"auto","background-attachment":"scroll","background-type":"","background-media":"","overlay-type":"","overlay-color":"","overlay-opacity":"","overlay-gradient":""},"tablet":{"background-color":"var(--ast-global-color-4)","background-image":"","background-repeat":"repeat","background-position":"center center","background-size":"auto","background-attachment":"scroll","background-type":"","background-media":"","overlay-type":"","overlay-color":"","overlay-opacity":"","overlay-gradient":""},"mobile":{"background-color":"var(--ast-global-color-4)","background-image":"","background-repeat":"repeat","background-position":"center center","background-size":"auto","background-attachment":"scroll","background-type":"","background-media":"","overlay-type":"","overlay-color":"","overlay-opacity":"","overlay-gradient":""}}},"product_brand":[],"product_cat":[51,67],"product_tag":[53],"class_list":{"0":"post-609","1":"product","2":"type-product","3":"status-publish","4":"has-post-thumbnail","6":"product_cat-accessoires","7":"product_cat-bonnet","8":"product_tag-bonnet","9":"desktop-align-left","10":"tablet-align-left","11":"mobile-align-left","13":"first","14":"instock","15":"shipping-taxable","16":"purchasable","17":"product-type-simple"},"_links":{"self":[{"href":"https:\/\/alapetitereine.com\/en\/wp-json\/wp\/v2\/product\/609","targetHints":{"allow":["GET"]}}],"collection":[{"href":"https:\/\/alapetitereine.com\/en\/wp-json\/wp\/v2\/product"}],"about":[{"href":"https:\/\/alapetitereine.com\/en\/wp-json\/wp\/v2\/types\/product"}],"version-history":[{"count":1,"href":"https:\/\/alapetitereine.com\/en\/wp-json\/wp\/v2\/product\/609\/revisions"}],"predecessor-version":[{"id":611,"href":"https:\/\/alapetitereine.com\/en\/wp-json\/wp\/v2\/product\/609\/revisions\/611"}],"wp:featuredmedia":[{"embeddable":true,"href":"https:\/\/alapetitereine.com\/en\/wp-json\/wp\/v2\/media\/610"}],"wp:attachment":[{"href":"https:\/\/alapetitereine.com\/en\/wp-json\/wp\/v2\/media?parent=609"}],"wp:term":[{"taxonomy":"product_brand","embeddable":true,"href":"https:\/\/alapetitereine.com\/en\/wp-json\/wp\/v2\/product_brand?post=609"},{"taxonomy":"product_cat","embeddable":true,"href":"https:\/\/alapetitereine.com\/en\/wp-json\/wp\/v2\/product_cat?post=609"},{"taxonomy":"product_tag","embeddable":true,"href":"https:\/\/alapetitereine.com\/en\/wp-json\/wp\/v2\/product_tag?post=609"}],"curies":[{"name":"wp","href":"https:\/\/api.w.org\/{rel}","templated":true}]}}