{"id":430,"date":"2026-01-13T11:26:28","date_gmt":"2026-01-13T10:26:28","guid":{"rendered":"https:\/\/alapetitereine.com\/?post_type=product&#038;p=430"},"modified":"2026-01-13T17:42:08","modified_gmt":"2026-01-13T16:42:08","slug":"vtt-scott-spark-970","status":"publish","type":"product","link":"https:\/\/alapetitereine.com\/en\/product\/vtt-scott-spark-970\/","title":{"rendered":"VTT Scott Spark 970"},"content":{"rendered":"<p>Le SCOTT Spark 970est \u00e9quip\u00e9 d\u2019un cadre en aluminium ultral\u00e9ger ainsi que d\u2019un syst\u00e8me de blocage amortisseur\/fourche avant\/arri\u00e8re permettant d\u2019optimiser le comportement du v\u00e9lo en fonction des conditions. L\u00e9ger, solide et abordable, il conserve la g\u00e9om\u00e9trie exceptionnelle et la position de conduite des versions carbone.<\/p>","protected":false},"excerpt":{"rendered":"<p>Le SCOTT Spark 970est \u00e9quip\u00e9 d\u2019un cadre en aluminium ultral\u00e9ger ainsi que d\u2019un syst\u00e8me de blocage amortisseur\/fourche avant\/arri\u00e8re permettant d\u2019optimiser [&hellip;]<\/p>\n","protected":false},"featured_media":431,"template":"","meta":{"site-sidebar-layout":"default","site-content-layout":"","ast-site-content-layout":"default","site-content-style":"default","site-sidebar-style":"default","ast-global-header-display":"","ast-banner-title-visibility":"","ast-main-header-display":"","ast-hfb-above-header-display":"","ast-hfb-below-header-display":"","ast-hfb-mobile-header-display":"","site-post-title":"","ast-breadcrumbs-content":"","ast-featured-img":"","footer-sml-layout":"","ast-disable-related-posts":"","theme-transparent-header-meta":"default","adv-header-id-meta":"","stick-header-meta":"","header-above-stick-meta":"","header-main-stick-meta":"","header-below-stick-meta":"","astra-migrate-meta-layouts":"set","ast-page-background-enabled":"default","ast-page-background-meta":{"desktop":{"background-color":"var(--ast-global-color-5)","background-image":"","background-repeat":"repeat","background-position":"center center","background-size":"auto","background-attachment":"scroll","background-type":"","background-media":"","overlay-type":"","overlay-color":"","overlay-opacity":"","overlay-gradient":""},"tablet":{"background-color":"","background-image":"","background-repeat":"repeat","background-position":"center center","background-size":"auto","background-attachment":"scroll","background-type":"","background-media":"","overlay-type":"","overlay-color":"","overlay-opacity":"","overlay-gradient":""},"mobile":{"background-color":"","background-image":"","background-repeat":"repeat","background-position":"center center","background-size":"auto","background-attachment":"scroll","background-type":"","background-media":"","overlay-type":"","overlay-color":"","overlay-opacity":"","overlay-gradient":""}},"ast-content-background-meta":{"desktop":{"background-color":"var(--ast-global-color-4)","background-image":"","background-repeat":"repeat","background-position":"center center","background-size":"auto","background-attachment":"scroll","background-type":"","background-media":"","overlay-type":"","overlay-color":"","overlay-opacity":"","overlay-gradient":""},"tablet":{"background-color":"var(--ast-global-color-4)","background-image":"","background-repeat":"repeat","background-position":"center center","background-size":"auto","background-attachment":"scroll","background-type":"","background-media":"","overlay-type":"","overlay-color":"","overlay-opacity":"","overlay-gradient":""},"mobile":{"background-color":"var(--ast-global-color-4)","background-image":"","background-repeat":"repeat","background-position":"center center","background-size":"auto","background-attachment":"scroll","background-type":"","background-media":"","overlay-type":"","overlay-color":"","overlay-opacity":"","overlay-gradient":""}}},"product_brand":[35],"product_cat":[50,63],"product_tag":[42],"class_list":{"0":"post-430","1":"product","2":"type-product","3":"status-publish","4":"has-post-thumbnail","6":"product_brand-scott","7":"product_cat-velos","8":"product_cat-vtt","9":"product_tag-vtt","10":"desktop-align-left","11":"tablet-align-left","12":"mobile-align-left","14":"first","15":"instock","16":"shipping-taxable","17":"purchasable","18":"product-type-simple"},"_links":{"self":[{"href":"https:\/\/alapetitereine.com\/en\/wp-json\/wp\/v2\/product\/430","targetHints":{"allow":["GET"]}}],"collection":[{"href":"https:\/\/alapetitereine.com\/en\/wp-json\/wp\/v2\/product"}],"about":[{"href":"https:\/\/alapetitereine.com\/en\/wp-json\/wp\/v2\/types\/product"}],"version-history":[{"count":1,"href":"https:\/\/alapetitereine.com\/en\/wp-json\/wp\/v2\/product\/430\/revisions"}],"predecessor-version":[{"id":555,"href":"https:\/\/alapetitereine.com\/en\/wp-json\/wp\/v2\/product\/430\/revisions\/555"}],"wp:featuredmedia":[{"embeddable":true,"href":"https:\/\/alapetitereine.com\/en\/wp-json\/wp\/v2\/media\/431"}],"wp:attachment":[{"href":"https:\/\/alapetitereine.com\/en\/wp-json\/wp\/v2\/media?parent=430"}],"wp:term":[{"taxonomy":"product_brand","embeddable":true,"href":"https:\/\/alapetitereine.com\/en\/wp-json\/wp\/v2\/product_brand?post=430"},{"taxonomy":"product_cat","embeddable":true,"href":"https:\/\/alapetitereine.com\/en\/wp-json\/wp\/v2\/product_cat?post=430"},{"taxonomy":"product_tag","embeddable":true,"href":"https:\/\/alapetitereine.com\/en\/wp-json\/wp\/v2\/product_tag?post=430"}],"curies":[{"name":"wp","href":"https:\/\/api.w.org\/{rel}","templated":true}]}}