{"id":428,"date":"2026-01-13T11:25:26","date_gmt":"2026-01-13T10:25:26","guid":{"rendered":"https:\/\/alapetitereine.com\/?post_type=product&#038;p=428"},"modified":"2026-01-13T17:42:19","modified_gmt":"2026-01-13T16:42:19","slug":"vtc-scott-subcross-40-lady","status":"publish","type":"product","link":"https:\/\/alapetitereine.com\/en\/product\/vtc-scott-subcross-40-lady\/","title":{"rendered":"VTC Scott Subcross 40 Lady"},"content":{"rendered":"<p>Le SCOTT SUB Cross 40 met l\u2019accent sur le confort et l\u2019aspect pratique pour vous accompagner dans tous vos d\u00e9placements. Le SUB Cross est parfaitement \u00e9quip\u00e9 pour toutes vos excursions. Disponible en versions Homme et Femme.<\/p>","protected":false},"excerpt":{"rendered":"<p>Le SCOTT SUB Cross 40 met l\u2019accent sur le confort et l\u2019aspect pratique pour vous accompagner dans tous vos d\u00e9placements. [&hellip;]<\/p>\n","protected":false},"featured_media":429,"template":"","meta":{"site-sidebar-layout":"default","site-content-layout":"","ast-site-content-layout":"default","site-content-style":"default","site-sidebar-style":"default","ast-global-header-display":"","ast-banner-title-visibility":"","ast-main-header-display":"","ast-hfb-above-header-display":"","ast-hfb-below-header-display":"","ast-hfb-mobile-header-display":"","site-post-title":"","ast-breadcrumbs-content":"","ast-featured-img":"","footer-sml-layout":"","ast-disable-related-posts":"","theme-transparent-header-meta":"default","adv-header-id-meta":"","stick-header-meta":"","header-above-stick-meta":"","header-main-stick-meta":"","header-below-stick-meta":"","astra-migrate-meta-layouts":"set","ast-page-background-enabled":"default","ast-page-background-meta":{"desktop":{"background-color":"var(--ast-global-color-5)","background-image":"","background-repeat":"repeat","background-position":"center center","background-size":"auto","background-attachment":"scroll","background-type":"","background-media":"","overlay-type":"","overlay-color":"","overlay-opacity":"","overlay-gradient":""},"tablet":{"background-color":"","background-image":"","background-repeat":"repeat","background-position":"center center","background-size":"auto","background-attachment":"scroll","background-type":"","background-media":"","overlay-type":"","overlay-color":"","overlay-opacity":"","overlay-gradient":""},"mobile":{"background-color":"","background-image":"","background-repeat":"repeat","background-position":"center center","background-size":"auto","background-attachment":"scroll","background-type":"","background-media":"","overlay-type":"","overlay-color":"","overlay-opacity":"","overlay-gradient":""}},"ast-content-background-meta":{"desktop":{"background-color":"var(--ast-global-color-4)","background-image":"","background-repeat":"repeat","background-position":"center center","background-size":"auto","background-attachment":"scroll","background-type":"","background-media":"","overlay-type":"","overlay-color":"","overlay-opacity":"","overlay-gradient":""},"tablet":{"background-color":"var(--ast-global-color-4)","background-image":"","background-repeat":"repeat","background-position":"center center","background-size":"auto","background-attachment":"scroll","background-type":"","background-media":"","overlay-type":"","overlay-color":"","overlay-opacity":"","overlay-gradient":""},"mobile":{"background-color":"var(--ast-global-color-4)","background-image":"","background-repeat":"repeat","background-position":"center center","background-size":"auto","background-attachment":"scroll","background-type":"","background-media":"","overlay-type":"","overlay-color":"","overlay-opacity":"","overlay-gradient":""}}},"product_brand":[35],"product_cat":[50,62],"product_tag":[46],"class_list":{"0":"post-428","1":"product","2":"type-product","3":"status-publish","4":"has-post-thumbnail","6":"product_brand-scott","7":"product_cat-velos","8":"product_cat-vtc","9":"product_tag-vtc","10":"desktop-align-left","11":"tablet-align-left","12":"mobile-align-left","14":"first","15":"instock","16":"shipping-taxable","17":"purchasable","18":"product-type-simple"},"_links":{"self":[{"href":"https:\/\/alapetitereine.com\/en\/wp-json\/wp\/v2\/product\/428","targetHints":{"allow":["GET"]}}],"collection":[{"href":"https:\/\/alapetitereine.com\/en\/wp-json\/wp\/v2\/product"}],"about":[{"href":"https:\/\/alapetitereine.com\/en\/wp-json\/wp\/v2\/types\/product"}],"version-history":[{"count":1,"href":"https:\/\/alapetitereine.com\/en\/wp-json\/wp\/v2\/product\/428\/revisions"}],"predecessor-version":[{"id":556,"href":"https:\/\/alapetitereine.com\/en\/wp-json\/wp\/v2\/product\/428\/revisions\/556"}],"wp:featuredmedia":[{"embeddable":true,"href":"https:\/\/alapetitereine.com\/en\/wp-json\/wp\/v2\/media\/429"}],"wp:attachment":[{"href":"https:\/\/alapetitereine.com\/en\/wp-json\/wp\/v2\/media?parent=428"}],"wp:term":[{"taxonomy":"product_brand","embeddable":true,"href":"https:\/\/alapetitereine.com\/en\/wp-json\/wp\/v2\/product_brand?post=428"},{"taxonomy":"product_cat","embeddable":true,"href":"https:\/\/alapetitereine.com\/en\/wp-json\/wp\/v2\/product_cat?post=428"},{"taxonomy":"product_tag","embeddable":true,"href":"https:\/\/alapetitereine.com\/en\/wp-json\/wp\/v2\/product_tag?post=428"}],"curies":[{"name":"wp","href":"https:\/\/api.w.org\/{rel}","templated":true}]}}