{"id":422,"date":"2026-01-13T11:16:56","date_gmt":"2026-01-13T10:16:56","guid":{"rendered":"https:\/\/alapetitereine.com\/?post_type=product&#038;p=422"},"modified":"2026-01-13T17:42:50","modified_gmt":"2026-01-13T16:42:50","slug":"scott-metrix-30-eq","status":"publish","type":"product","link":"https:\/\/alapetitereine.com\/en\/product\/scott-metrix-30-eq\/","title":{"rendered":"Scott Metrix 30 EQ"},"content":{"rendered":"<p>L\u00e9ger, rapide et pr\u00eat \u00e0 marquer les esprits. L\u2019Addict 30\u00a0vous offre tous les avantages comp\u00e9titifs dont vous r\u00eaviez. Des c\u00e2bles enti\u00e8rement int\u00e9gr\u00e9s et des composants pr\u00eats pour la course s\u2019associent pour vous offrir un v\u00e9lo capable de s\u2019imposer sur la ligne d\u2019arriv\u00e9e au sommet d\u2019une montagne ou de remporter votre crit\u00e9rium local.<\/p>","protected":false},"excerpt":{"rendered":"<p>L\u00e9ger, rapide et pr\u00eat \u00e0 marquer les esprits. L\u2019Addict 30\u00a0vous offre tous les avantages comp\u00e9titifs dont vous r\u00eaviez. Des c\u00e2bles [&hellip;]<\/p>\n","protected":false},"featured_media":423,"template":"","meta":{"site-sidebar-layout":"default","site-content-layout":"","ast-site-content-layout":"default","site-content-style":"default","site-sidebar-style":"default","ast-global-header-display":"","ast-banner-title-visibility":"","ast-main-header-display":"","ast-hfb-above-header-display":"","ast-hfb-below-header-display":"","ast-hfb-mobile-header-display":"","site-post-title":"","ast-breadcrumbs-content":"","ast-featured-img":"","footer-sml-layout":"","ast-disable-related-posts":"","theme-transparent-header-meta":"default","adv-header-id-meta":"","stick-header-meta":"","header-above-stick-meta":"","header-main-stick-meta":"","header-below-stick-meta":"","astra-migrate-meta-layouts":"set","ast-page-background-enabled":"default","ast-page-background-meta":{"desktop":{"background-color":"var(--ast-global-color-5)","background-image":"","background-repeat":"repeat","background-position":"center center","background-size":"auto","background-attachment":"scroll","background-type":"","background-media":"","overlay-type":"","overlay-color":"","overlay-opacity":"","overlay-gradient":""},"tablet":{"background-color":"","background-image":"","background-repeat":"repeat","background-position":"center center","background-size":"auto","background-attachment":"scroll","background-type":"","background-media":"","overlay-type":"","overlay-color":"","overlay-opacity":"","overlay-gradient":""},"mobile":{"background-color":"","background-image":"","background-repeat":"repeat","background-position":"center center","background-size":"auto","background-attachment":"scroll","background-type":"","background-media":"","overlay-type":"","overlay-color":"","overlay-opacity":"","overlay-gradient":""}},"ast-content-background-meta":{"desktop":{"background-color":"var(--ast-global-color-4)","background-image":"","background-repeat":"repeat","background-position":"center center","background-size":"auto","background-attachment":"scroll","background-type":"","background-media":"","overlay-type":"","overlay-color":"","overlay-opacity":"","overlay-gradient":""},"tablet":{"background-color":"var(--ast-global-color-4)","background-image":"","background-repeat":"repeat","background-position":"center center","background-size":"auto","background-attachment":"scroll","background-type":"","background-media":"","overlay-type":"","overlay-color":"","overlay-opacity":"","overlay-gradient":""},"mobile":{"background-color":"var(--ast-global-color-4)","background-image":"","background-repeat":"repeat","background-position":"center center","background-size":"auto","background-attachment":"scroll","background-type":"","background-media":"","overlay-type":"","overlay-color":"","overlay-opacity":"","overlay-gradient":""}}},"product_brand":[35],"product_cat":[64,50],"product_tag":[45],"class_list":{"0":"post-422","1":"product","2":"type-product","3":"status-publish","4":"has-post-thumbnail","6":"product_brand-scott","7":"product_cat-velo-de-route","8":"product_cat-velos","9":"product_tag-velo-de-course","10":"desktop-align-left","11":"tablet-align-left","12":"mobile-align-left","14":"first","15":"instock","16":"shipping-taxable","17":"purchasable","18":"product-type-simple"},"_links":{"self":[{"href":"https:\/\/alapetitereine.com\/en\/wp-json\/wp\/v2\/product\/422","targetHints":{"allow":["GET"]}}],"collection":[{"href":"https:\/\/alapetitereine.com\/en\/wp-json\/wp\/v2\/product"}],"about":[{"href":"https:\/\/alapetitereine.com\/en\/wp-json\/wp\/v2\/types\/product"}],"version-history":[{"count":1,"href":"https:\/\/alapetitereine.com\/en\/wp-json\/wp\/v2\/product\/422\/revisions"}],"predecessor-version":[{"id":557,"href":"https:\/\/alapetitereine.com\/en\/wp-json\/wp\/v2\/product\/422\/revisions\/557"}],"wp:featuredmedia":[{"embeddable":true,"href":"https:\/\/alapetitereine.com\/en\/wp-json\/wp\/v2\/media\/423"}],"wp:attachment":[{"href":"https:\/\/alapetitereine.com\/en\/wp-json\/wp\/v2\/media?parent=422"}],"wp:term":[{"taxonomy":"product_brand","embeddable":true,"href":"https:\/\/alapetitereine.com\/en\/wp-json\/wp\/v2\/product_brand?post=422"},{"taxonomy":"product_cat","embeddable":true,"href":"https:\/\/alapetitereine.com\/en\/wp-json\/wp\/v2\/product_cat?post=422"},{"taxonomy":"product_tag","embeddable":true,"href":"https:\/\/alapetitereine.com\/en\/wp-json\/wp\/v2\/product_tag?post=422"}],"curies":[{"name":"wp","href":"https:\/\/api.w.org\/{rel}","templated":true}]}}